{"id":3,"date":"2024-09-30T09:45:42","date_gmt":"2024-09-30T07:45:42","guid":{"rendered":"https:\/\/ninabarlozek.pl\/?page_id=3"},"modified":"2024-11-15T13:39:06","modified_gmt":"2024-11-15T12:39:06","slug":"polityka-prywatnosci","status":"publish","type":"page","link":"https:\/\/ninabarlozek.pl\/index.php\/polityka-prywatnosci\/","title":{"rendered":"Polityka prywatno\u015bci"},"content":{"rendered":"\n<p class=\"has-text-align-center\"><br><strong>Polityka prywatno\u015bci<\/strong><\/p>\n\n\n\n<p>W wykonaniu obowi\u0105zku informacyjnego okre\u015blonego Rozporz\u0105dzeniem Parlamentu Europejskiego i Rady (UE) 2016\/679 z dnia 27 kwietnia 2016 r. w sprawie ochrony os\u00f3b fizycznych w zwi\u0105zku z przetwarzaniem danych osobowych i w sprawie swobodnego przep\u0142ywu takich danych oraz uchylenia dyrektywy 95\/46\/WE (og\u00f3lne rozporz\u0105dzenie o ochronie danych) (DALEJ: \u201eRODO\u201d), Administrator danych osobowych informuje, \u017ce:<br><br><br>1. Administratorem danych osobowych u\u017cytkownik\u00f3w Sklepu\/Platformy jest<br><br>Nina Bar\u0142o\u017cek, prowadz\u0105ca dzia\u0142alno\u015b\u0107 gospodarcz\u0105 pod firm\u0105 Akademia Zdrowia i R\u00f3wnowagi Nina Bar\u0142o\u017cek z siedzib\u0105 w Cz\u0119stochowie, ul. Staszica 13 m 8, 42-202 Cz\u0119stochowa,NIP: 7151543110, REGON: 240332348, zarejestrowany i widoczny w Centralnej Ewidencji i Informacji o Dzia\u0142alno\u015bci Gospodarczej, posiadaj\u0105cy status indywidualnej dzia\u0142alno\u015bci gospodarczej.<br><br>2. Z Administratorem danych osobowych mo\u017cna kontaktowa\u0107 si\u0119:<br><br>1) pod adresem korespondencyjnym: Nina Bar\u0142o\u017cek prowadz\u0105ca dzia\u0142alno\u015b\u0107 gospodarcz\u0105 pod firm\u0105 Akademia Zdrowia i R\u00f3wnowagi Nina Bar\u0142o\u017cek, ul. Staszica 13 m 8, 42-202 Cz\u0119stochowa<br><br>2) pod adresem poczty elektronicznej: kontakt@ninabarlozek.pl<br><br>3) telefonicznie pod nr telefonu: 506 028 725<br><br>3. Dane osobowe Kupuj\u0105cego mog\u0105 by\u0107 przetwarzane w nast\u0119puj\u0105cych celach, na nast\u0119puj\u0105cych podstawach prawnych i w nast\u0119puj\u0105cych okresach:<br><br>a) zawarcie i wykonanie umowy o \u015bwiadczenie us\u0142ug drog\u0105 elektroniczn\u0105 &#8211; art. 6 ust. 1 lit. b RODO &#8211; dane osobowe b\u0119d\u0105 przechowywane przez czas wykonania umowy o \u015bwiadczenie us\u0142ug drog\u0105 elektroniczn\u0105, a nast\u0119pnie przez okres przewidziany przepisami prawa,<br>b) zawarcie i wykonanie umowy sprzeda\u017cy \u2013 art. 6 ust. 1 lit. b RODO &#8211; dane osobowe b\u0119d\u0105 przechowywane przez czas wykonania umowy sprzeda\u017cy, a nast\u0119pnie przez okres przewidziany przepisami prawa,<br>c) realizacja obowi\u0105zk\u00f3w podatkowo-ksi\u0119gowych \u2013 art. 6 ust. 1 lit. c RODO &#8211; dane osobowe b\u0119d\u0105 przechowywane przez okres konieczny do wype\u0142nienia obowi\u0105zku podatkowego ci\u0105\u017c\u0105cego na Administratorze danych osobowych;<br>d) obrona, dochodzenia lub ustalenie roszcze\u0144 zwi\u0105zanych z umow\u0105, co jest prawnie uzasadnionym interesem realizowanym przez Sprzedawc\u0119 \u2013 art. 6 ust. 1 lit. f RODO &#8211; dane osobowe b\u0119d\u0105 przetwarzane przez okres dochodzenia roszcze\u0144, maksymalnie do momentu przedawnienia roszcze\u0144;<br>e) obs\u0142uga zapyta\u0144 kierowanych przez Kupuj\u0105cych przed zawarciem umowy, co jest niezb\u0119dne do podj\u0119cia dzia\u0142a\u0144 na \u017c\u0105danie osoby, kt\u00f3rej dane dotycz\u0105, przed zawarciem umowy \u2013 art. 6 ust. 1 lit. b RODO \u2013 dane osobowe b\u0119d\u0105 przetwarzane przez czas nawi\u0105zania kontaktu i za\u0142atwienia sprawy;<br>f) celach marketingowych na podstawie &#8211; art. 6 ust. 1 lit. a lub f RODO &#8211; dane osobowe b\u0119d\u0105 przetwarzane przez czas trwania akcji marketingowej lub do momentu cofni\u0119cia zgody na ich przetwarzanie lub zg\u0142oszenia sprzeciwu wobec przetwarzana danych;<br>g) celach zwi\u0105zanych z technologi\u0105 cookies &#8211; art. 6 ust. 1 lit. a RODO &#8211; dane osobowe b\u0119d\u0105 przetwarzane do czasu usuni\u0119cia tych plik\u00f3w przy pomocy ustawie\u0144 przegl\u0105darki (przy czym usuni\u0119cie plik\u00f3w nie zawsze jest to\u017csame z usuni\u0119ciem danych osobowych uzyskanych za po\u015brednictwem tych plik\u00f3w, st\u0105d mo\u017cliwo\u015b\u0107 sprzeciwu). Dane b\u0119d\u0105 przetwarzane do czasu wycofania zgody.<br><br>4. W celu realizacji umowy o \u015bwiadczenie us\u0142ug Administrator przetwarza r\u00f3wnie\u017c informacje dotycz\u0105ce urz\u0105dzenia Kupuj\u0105cego w celu zapewnienia poprawno\u015bci dzia\u0142ania us\u0142ug: adres IP komputera, informacje zawarte w plikach cookies lub innych podobnych technologiach, dane dotycz\u0105ce sesji, dane przegl\u0105darki internetowej, dane dotycz\u0105ce urz\u0105dzenia, dane dotycz\u0105ce<br><br>aktywno\u015bci na Stronie, w tym na poszczeg\u00f3lnych podstronach. Dane te s\u0105 przetwarzane zgodnie z art. 6 ust. 1 lit. b RODO, w celu realizacji us\u0142ug , tj. umowy o \u015bwiadczenie us\u0142ug zgodnie z Regulaminem Sklepu i jego za\u0142\u0105cznikami, zgodnie z art. 6 ust. 1 lit. a RODO w zwi\u0105zku z wyra\u017ceniem zgody na stosowanie okre\u015blonych plik\u00f3w cookies lub innych podobnych technologii, wyra\u017conych przez odpowiednie ustawienia przegl\u0105darki internetowej zgodnie z Prawem telekomunikacyjnym. Dane s\u0105 przetwarzane do czasu zako\u0144czenia korzystania przez Klienta ze Sklepu.<br><br>5. Odbiorcami danych osobowych Kupuj\u0105cego lub kategoriami odbiorc\u00f3w s\u0105:<br><br>a. Pierwszy Urz\u0105d Skarbowy w Cz\u0119stochowie, ul. Filomat\u00f3w 18\/20, 42-217 Cz\u0119stochowa<br>b. hostingodawca<br>c. dostawca systemu do fakturowania<br>d. dostawca systemu mailingowego<br>e. podmioty obs\u0142uguj\u0105ce p\u0142atno\u015bci.<br>6. Ka\u017cdej osobie, kt\u00f3rej dane dotycz\u0105, przys\u0142uguje:<br>a) prawo do dost\u0119pu do swoich danych osobowych<br>b) prawo do sprostowania swoich danych osobowych<br>c) prawo do usuni\u0119cia swoich danych osobowych (\u201eprawo do bycia zapomnianym\u201d)<br>d) prawo do ograniczenia przetwarzania swoich danych osobowych<br>e) prawo do przenoszenia swoich danych osobowych<br>f) prawo do sprzeciwu wobec przetwarzania swoich danych osobowych<br>g) prawo wniesienia skargi do organu nadzorczego.<br><br>7. Je\u017celi przetwarzanie odbywa si\u0119 na podstawie:<br><br>a) art. 6 ust. 1 lit. a) RODO (osoba, kt\u00f3rej dane dotycz\u0105 wyrazi\u0142a zgod\u0119 na przetwarzanie swoich danych osobowych w jednym lub wi\u0119kszej liczbie okre\u015blonych cel\u00f3w) lub<br><br>b) art. 9 ust. 2 lit. a) RODO (osoba, kt\u00f3rej dane dotycz\u0105, wyrazi\u0142a wyra\u017an\u0105 zgod\u0119 na przetwarzanie szczeg\u00f3lnych kategorii danych osobowych w jednym lub kilku konkretnych celach, chyba \u017ce prawo Unii lub prawo pa\u0144stwa cz\u0142onkowskiego przewiduj\u0105, i\u017c osoba, kt\u00f3rej dane dotycz\u0105, nie mo\u017ce uchyli\u0107 zakazu, o kt\u00f3rym mowa art. 9 ust. 1 RODO)<br><br>&#8211; ka\u017cdej osoba, kt\u00f3rej dane dotycz\u0105, przys\u0142uguje prawo do cofni\u0119cia zgody w dowolnym momencie bez wp\u0142ywu na zgodno\u015b\u0107 z prawem przetwarzania, kt\u00f3rego dokonano na podstawie zgody przed jej cofni\u0119ciem.<br><br>8. Osoba, kt\u00f3rej dane dotycz\u0105, ma prawo w dowolnym momencie wnie\u015b\u0107 sprzeciw wobec przetwarzania dotycz\u0105cych jej danych osobowych w nast\u0119puj\u0105cych sytuacjach:<br><br>a. wobec przetwarzania dotycz\u0105cych jej danych osobowych opartego na art. 6 ust. 1 lit. e) RODO [przetwarzanie jest niezb\u0119dne do wykonania zadania realizowanego w interesie publicznym lub w ramach sprawowania w\u0142adzy publicznej powierzonej administratorowi] lub art. 6 ust. 1 lit. f) RODO [przetwarzanie jest niezb\u0119dne do cel\u00f3w wynikaj\u0105cych z prawnie uzasadnionych interes\u00f3w realizowanych przez administratora lub przez stron\u0119 trzeci\u0105, z wyj\u0105tkiem sytuacji, w kt\u00f3rych nadrz\u0119dny charakter wobec tych interes\u00f3w maj\u0105 interesy lub podstawowe prawa i wolno\u015bci osoby, kt\u00f3rej dane dotycz\u0105, wymagaj\u0105ce ochrony danych osobowych, w szczeg\u00f3lno\u015bci gdy osoba, kt\u00f3rej dane dotycz\u0105, jest dzieckiem], w tym profilowania na podstawie tych przepis\u00f3w, z przyczyn zwi\u0105zanych ze szczeg\u00f3ln\u0105 sytuacj\u0105 osoby, kt\u00f3rej dane dotycz\u0105;<br><br>Administratorowi danych osobowych nie wolno ju\u017c przetwarza\u0107 tych danych osobowych, chyba \u017ce wyka\u017ce on istnienie wa\u017cnych prawnie uzasadnionych podstaw do przetwarzania, nadrz\u0119dnych wobec interes\u00f3w, praw i wolno\u015bci osoby, kt\u00f3rej dane dotycz\u0105, lub podstaw do ustalenia, dochodzenia lub obrony roszcze\u0144,<br><br>b. wobec przetwarzania dotycz\u0105cych jej danych osobowych na potrzeby marketingu bezpo\u015bredniego, w tym profilowania, w zakresie w jakim przetwarzanie jest zwi\u0105zane z takim marketingiem bezpo\u015brednim,<br><br>c. wobec przetwarzania dotycz\u0105cych jej danych osobowych do cel\u00f3w bada\u0144 naukowych lub historycznych lub do cel\u00f3w statystycznych na mocy art. 89 ust. 1 RODO, z przyczyn zwi\u0105zanych z jej szczeg\u00f3ln\u0105 sytuacj\u0105, chyba \u017ce przetwarzanie jest niezb\u0119dne do wykonania zadania realizowanego w interesie publicznym.<br><br>9. Aby skorzysta\u0107 z wy\u017cej wymienionych praw, osoba kt\u00f3rej dane dotycz\u0105, powinna skontaktowa\u0107 si\u0119, wykorzystuj\u0105c podane dane kontaktowe, z Administratorem danych osobowych i poinformowa\u0107 go, z kt\u00f3rego prawa i w jakim zakresie chce skorzysta\u0107.<br><br>10. Osoba, kt\u00f3rej dane dotycz\u0105, ma prawo wnie\u015b\u0107 skarg\u0119 do organu nadzoru, kt\u00f3rym w Polsce jest Prezes Urz\u0119du Ochrony Danych Osobowych z siedzib\u0105 w Warszawie, przy ul. Stawki 2, z kt\u00f3rym mo\u017cna kontaktowa\u0107 si\u0119 w nast\u0119puj\u0105cy spos\u00f3b:<br><br>1) listownie: ul. Stawki 2, 00-193 Warszawa; 2) przez elektroniczn\u0105 skrzynk\u0119 podawcz\u0105 dost\u0119pn\u0105 na stronie: <a href=\"https:\/\/uodo.gov.pl\/pl\/p\/kontakt \">https:\/\/uodo.gov.pl\/pl\/p\/kontakt <\/a>;<br><br>3) telefonicznie: (22) 531 03 00.<br><br>11. Podanie danych osobowych przez Kupuj\u0105cego jest warunkiem zawarcia umowy. W celu zawarcia umowy, osoba jest zobowi\u0105zania do ich podania, za\u015b ich niepodanie spowoduje, \u017ce zawarcie i realizacja umowy b\u0119d\u0105 niemo\u017cliwe.<br><br>12. Bezpiecze\u0144stwo przetwarzania<br><br>Administrator danych osobowych wdra\u017ca odpowiednie \u015brodki techniczne i organizacyjne, aby zapewni\u0107 stopie\u0144 bezpiecze\u0144stwa odpowiadaj\u0105cy temu ryzyku, w tym mi\u0119dzy innymi w stosownym przypadku:<br><br>a) pseudonimizacj\u0119 i szyfrowanie danych osobowych;<br><br>b) zdolno\u015b\u0107 do ci\u0105g\u0142ego zapewnienia poufno\u015bci, integralno\u015bci, dost\u0119pno\u015bci i odporno\u015bci system\u00f3w i us\u0142ug przetwarzania;<br><br>c) zdolno\u015b\u0107 do szybkiego przywr\u00f3cenia dost\u0119pno\u015bci danych osobowych i dost\u0119pu do nich w razie incydentu fizycznego lub technicznego;<br><br>d) regularne testowanie, mierzenie i ocenianie skuteczno\u015bci \u015brodk\u00f3w technicznych i organizacyjnych maj\u0105cych zapewni\u0107 bezpiecze\u0144stwo przetwarzania.<br><br>13. System Administratora wykorzystuje technologi\u0119 plik\u00f3w cookies, czyli niewielkie informacje tekstowe wysy\u0142ane przez serwer WWW, kt\u00f3ry odwiedza Kupuj\u0105cy, i zapisywane na stronie Kupuj\u0105cego, zazwyczaj na twardym dysku urz\u0105dzenia ko\u0144cowego (komputer, tablet, laptop, smartfon), z kt\u00f3rego korzysta on w celu przegl\u0105dania stron internetowych. Administrator stosuje nast\u0119puj\u0105ce pliki cookies podmiot\u00f3w trzecich w ramach Strony: ninabarlozek.pl<br><br>14. W celu korzystania z us\u0142ug przez Kupuj\u0105cego, konieczne jest posiadanie:<br><br>a) komputera lub innego urz\u0105dzenia z dost\u0119pem do Internetu,<br><br>b) standardowy system operacyjny,<br><br>c) standardowa przegl\u0105darka internetowa,<br><br>d) posiadanie aktywnego adresu poczty elektronicznej,<br><br>e) w\u0142\u0105czenie w przegl\u0105darce internetowej Cookies.<br><br>15. Administrator w ramach Sklepu stosuje nast\u0119puj\u0105ce formularze:<br><br>h) Formularz kontaktowy \u2013 umo\u017cliwia nawi\u0105zanie kontaktu z Administratorem danych osobowych drog\u0105 elektroniczn\u0105. Formularz kontaktowy wymaga podania: imienia i nazwiska, nr telefonu, adresu e-mail. Dane osobowe przetwarzane s\u0105 zgodnie z niniejsz\u0105 Polityk\u0105 Prywatno\u015bci. Dane osobowe b\u0119d\u0105 przetwarzane maksymalnie do momentu przedawnienia roszcze\u0144.<br><br>i) Formularz rejestracyjny w Sklepie \u2013 umo\u017cliwia za\u0142o\u017cenie Kupuj\u0105cemu konta w sklepie online i dokonywanie z poziomu Konta zakup\u00f3w Produkt\u00f3w. Formularz rejestracyjny w Sklepie<br><br>wymaga podania: imienia i nazwiska, nr telefonu, adresu e-mail. Dane osobowe przetwarzane s\u0105 zgodnie z niniejsz\u0105 Polityk\u0105 Prywatno\u015bci. Dane osobowe b\u0119d\u0105 przetwarzane maksymalnie do momentu przedawnienia roszcze\u0144 oraz przez okres konieczny do wype\u0142nienia obowi\u0105zku podatkowego ci\u0105\u017c\u0105cego na Administratorze danych osobowych;<br><br>j) Formularz Zam\u00f3wienia \u2013 umo\u017cliwia dokonanie zam\u00f3wienia i zawarcie umowy sprzeda\u017cy drog\u0105 elektroniczn\u0105. Formularz Zam\u00f3wienia wymaga podania: imienia, nazwiska\/ nazwa firmy (opcjonalnie), miejsce wydania Zam\u00f3wienia (miejscowo\u015b\u0107, kod pocztowy, ulica i nr domu), adresu e-mail, numeru telefonu, NIP (opcjonalnie). Dane osobowe przetwarzane s\u0105 zgodnie z niniejsz\u0105 Polityk\u0105 Prywatno\u015bci. Dane osobowe b\u0119d\u0105 przetwarzane maksymalnie do momentu przedawnienia roszcze\u0144 oraz przez okres konieczny do wype\u0142nienia obowi\u0105zku podatkowego ci\u0105\u017c\u0105cego na Administratorze danych osobowych;<br><br>k) Formularz rejestracyjny w Klubie \u2013 umo\u017cliwia za\u0142o\u017cenie Kupuj\u0105cemu konta w Klubie i korzystanie z wszystkich funkcjonalno\u015bci Klubu. Formularz rejestracyjny w Klubie wymaga podania: adresu e-mail. Dane osobowe przetwarzane s\u0105 zgodnie z niniejsz\u0105 Polityk\u0105 Prywatno\u015bci. Dane osobowe b\u0119d\u0105 przetwarzane maksymalnie do momentu przedawnienia roszcze\u0144 b\u0105d\u017a przez okres konieczny do wype\u0142nienia obowi\u0105zku podatkowego ci\u0105\u017c\u0105cego na Administratorze danych osobowych;<br><br>l) Formularz rejestracyjny w Platformie \u2013 umo\u017cliwia za\u0142o\u017cenie Kupuj\u0105cemu konta na platformie streamingowej i korzystanie z wszystkich funkcjonalno\u015bci platformy, w szczeg\u00f3lno\u015bci uzyskanie dost\u0119pu do Audiobooka. Formularz rejestracyjny w Platformie wymaga podania: adresu e-mail. Dane osobowe przetwarzane s\u0105 zgodnie z niniejsz\u0105 Polityk\u0105 Prywatno\u015bci. Dane osobowe b\u0119d\u0105 przetwarzane maksymalnie do momentu przedawnienia roszcze\u0144 oraz przez okres konieczny do wype\u0142nienia obowi\u0105zku podatkowego ci\u0105\u017c\u0105cego na Administratorze danych osobowych;<br><br>m) Formularz rejestracyjny w Platformie szkoleniowej \u2013 umo\u017cliwia za\u0142o\u017cenie Kupuj\u0105cemu konta na platformie szkoleniowej i korzystanie z wszystkich funkcjonalno\u015bci platformy szkoleniowej, w szczeg\u00f3lno\u015bci uzyskanie dost\u0119pu do Kursu. Formularz rejestracyjny w Platformie szkoleniowej wymaga podania: adresu e-mail. Dane osobowe przetwarzane s\u0105 zgodnie z niniejsz\u0105 Polityk\u0105 Prywatno\u015bci. Dane osobowe b\u0119d\u0105 przetwarzane maksymalnie do momentu przedawnienia roszcze\u0144 oraz przez okres konieczny do wype\u0142nienia obowi\u0105zku podatkowego ci\u0105\u017c\u0105cego na Administratorze danych osobowych;<br><br>n) Formularz odst\u0105pienia od umowy &#8211; umo\u017cliwia Kupuj\u0105cemu na warunkach opisanych w Regulaminie Sklepu odst\u0105pienie od umowy. Formularz odst\u0105pienia od umowy wymaga podania: imienia i nazwiska, adresu. Skorzystanie z formularza udost\u0119pnionego przez sprzedawc\u0119 nie jest konieczne. Dane osobowe przetwarzane s\u0105 zgodnie z niniejsz\u0105 Polityk\u0105 Prywatno\u015bci. Dane osobowe b\u0119d\u0105 przetwarzane w celu realizacji post\u0119powania zwi\u0105zanego z odst\u0105pieniem od umowy oraz maksymalnie do momentu przedawnienia roszcze\u0144.<br><br>o) Formularz zapisu na newsletter \u2013 umo\u017cliwia Kupuj\u0105cemu zapis do newslettera. Formularz zapisu na newsletter wymaga podania: imienia i adresu e-mail. Dane osobowe przetwarzane s\u0105 zgodnie z niniejsz\u0105 Polityk\u0105 Prywatno\u015bci. Poprzez zapis na newsletter U\u017cytkownik wyra\u017ca zgod\u0119 na:<br><br>&#8211; wysy\u0142anie mu informacji marketingowych i handlowych za pomoc\u0105 e-maila,<br><br>&#8211; wykorzystywanie przez Administratora telekomunikacyjnych urz\u0105dze\u0144 ko\u0144cowych U\u017cytkownika w celu marketingu bezpo\u015bredniego produkt\u00f3w i us\u0142ug Administratora<br><br>&#8211; przedstawianie U\u017cytkownikowi informacji handlowych.<br><br>Powy\u017csze zgody s\u0105 dobrowolne, jednak\u017ce konieczne do wysy\u0142ki newslettera. Zgody mog\u0105 zosta\u0107 w ka\u017cdej chwili wycofane, co spowoduje zaprzestanie wysy\u0142ania newslettera zgodnie z zasadami zawartymi w niniejszej polityce prywatno\u015bci.<\/p>\n\n\n\n<p>16. Polityka prywatno\u015bci mo\u017ce by\u0107 uzupe\u0142niana lub uaktualniana zgodnie z bie\u017c\u0105cymi potrzebami Administratora danych osobowych w celu zapewnienia aktualnej i rzetelnej informacji Kupuj\u0105cym dotycz\u0105cej ich danych osobowych i informacji o nich.<\/p>\n","protected":false},"excerpt":{"rendered":"<p>Polityka prywatno\u015bci W wykonaniu obowi\u0105zku informacyjnego okre\u015blonego Rozporz\u0105dzeniem Parlamentu Europejskiego i Rady (UE) 2016\/679 z dnia 27 kwietnia 2016 r. w sprawie ochrony os\u00f3b fizycznych w zwi\u0105zku z przetwarzaniem danych osobowych i w sprawie swobodnego przep\u0142ywu takich danych oraz uchylenia dyrektywy 95\/46\/WE (og\u00f3lne rozporz\u0105dzenie o ochronie danych) (DALEJ: \u201eRODO\u201d), Administrator danych osobowych informuje, \u017ce: 1. [&hellip;]<\/p>\n","protected":false},"author":1,"featured_media":0,"parent":0,"menu_order":0,"comment_status":"closed","ping_status":"open","template":"","meta":{"_acf_changed":false,"footnotes":""},"class_list":["post-3","page","type-page","status-publish","hentry"],"acf":[],"_links":{"self":[{"href":"https:\/\/ninabarlozek.pl\/index.php\/wp-json\/wp\/v2\/pages\/3","targetHints":{"allow":["GET"]}}],"collection":[{"href":"https:\/\/ninabarlozek.pl\/index.php\/wp-json\/wp\/v2\/pages"}],"about":[{"href":"https:\/\/ninabarlozek.pl\/index.php\/wp-json\/wp\/v2\/types\/page"}],"author":[{"embeddable":true,"href":"https:\/\/ninabarlozek.pl\/index.php\/wp-json\/wp\/v2\/users\/1"}],"replies":[{"embeddable":true,"href":"https:\/\/ninabarlozek.pl\/index.php\/wp-json\/wp\/v2\/comments?post=3"}],"version-history":[{"count":2,"href":"https:\/\/ninabarlozek.pl\/index.php\/wp-json\/wp\/v2\/pages\/3\/revisions"}],"predecessor-version":[{"id":384,"href":"https:\/\/ninabarlozek.pl\/index.php\/wp-json\/wp\/v2\/pages\/3\/revisions\/384"}],"wp:attachment":[{"href":"https:\/\/ninabarlozek.pl\/index.php\/wp-json\/wp\/v2\/media?parent=3"}],"curies":[{"name":"wp","href":"https:\/\/api.w.org\/{rel}","templated":true}]}}